{"id":174,"date":"2014-03-05T15:42:19","date_gmt":"2014-03-05T20:42:19","guid":{"rendered":"http:\/\/yellowdeck.com\/dev\/?page_id=174"},"modified":"2014-10-27T17:33:25","modified_gmt":"2014-10-27T21:33:25","slug":"localizar-equipo","status":"publish","type":"page","link":"https:\/\/yellowdeck.com\/es\/localizar-equipo\/","title":{"rendered":"Localizar Equipo"},"content":{"rendered":"<h1>Encuentre el equipo que necesita<\/h1>\n<p>Localizar el equipo apropiado puede ser dif\u00edcil y le consume el tiempo. Nosotros lo podemos ayudar. Tenemos a\u00f1os de experiencia y contactos por todos los Estados Unidos. Nuestro equipo de compradores tiene acceso a cientos de concesionarios, subastas, y empresas de transporte que venden su equipo. En Yellow Deck no estamos obligados a solo ofrecerle los equipos que son de nosotros, le brindamos el mejor equipo para su operaci\u00f3n.<\/p>\n<h3>Ahorre tiempo y dinero<\/h3>\n<p>Localizar el equipo apropiado para su operaci\u00f3n le ahorra dinero a largo plazo. Las razones pueden ser varias, como: comprar en un punto ventajoso para envi\u00f3 a su pa\u00eds, encontrar la perfecta combinaci\u00f3n de precio y especificaciones, o la seguridad que una inspecci\u00f3n de calidad que le brindamos. Tenemos a\u00f1os de experiencia en localizar, negociar, comprar, y enviar equipos.<\/p>\n<h3>Compre con confianza<\/h3>\n<p>Brindamos inspecciones de mec\u00e1nicos di\u00e9sel y de remolques antes de su compra. Antes de comprar equipos lo inspeccionamos para saber bien la condici\u00f3n. La inspecci\u00f3n le brinda la ventaja de saber la condici\u00f3n actual del equipo que va recibir.<\/p>\n<p><a class=\"btn\" title=\"Contact\" href=\"\/dev\/?page_id=122\">Contact us to locate the equipment you need<\/a><\/p>\n","protected":false},"excerpt":{"rendered":"<p>Encuentre el equipo que necesita Localizar el equipo apropiado puede ser dif\u00edcil y le consume el tiempo. Nosotros lo podemos ayudar. Tenemos a\u00f1os de experiencia y contactos por todos los Estados Unidos. Nuestro equipo de compradores tiene acceso a cientos de concesionarios, subastas, y empresas de transporte que venden su equipo. En Yellow Deck no [&hellip;]<\/p>\n","protected":false},"author":2,"featured_media":0,"parent":0,"menu_order":0,"comment_status":"closed","ping_status":"closed","template":"","meta":{"footnotes":""},"class_list":["post-174","page","type-page","status-publish","hentry"],"yoast_head":"<!-- This site is optimized with the Yoast SEO plugin v26.9 - https:\/\/yoast.com\/product\/yoast-seo-wordpress\/ -->\n<title>Localizar Equipo - Yellow Deck<\/title>\n<meta name=\"robots\" content=\"index, follow, max-snippet:-1, max-image-preview:large, max-video-preview:-1\" \/>\n<link rel=\"canonical\" href=\"https:\/\/yellowdeck.com\/es\/localizar-equipo\/\" \/>\n<meta property=\"og:locale\" content=\"es_ES\" \/>\n<meta property=\"og:type\" content=\"article\" \/>\n<meta property=\"og:title\" content=\"Localizar Equipo - Yellow Deck\" \/>\n<meta property=\"og:description\" content=\"Encuentre el equipo que necesita Localizar el equipo apropiado puede ser dif\u00edcil y le consume el tiempo. Nosotros lo podemos ayudar. Tenemos a\u00f1os de experiencia y contactos por todos los Estados Unidos. Nuestro equipo de compradores tiene acceso a cientos de concesionarios, subastas, y empresas de transporte que venden su equipo. En Yellow Deck no [&hellip;]\" \/>\n<meta property=\"og:url\" content=\"https:\/\/yellowdeck.com\/es\/localizar-equipo\/\" \/>\n<meta property=\"og:site_name\" content=\"Yellow Deck\" \/>\n<meta property=\"article:modified_time\" content=\"2014-10-27T21:33:25+00:00\" \/>\n<meta name=\"twitter:label1\" content=\"Tiempo de lectura\" \/>\n\t<meta name=\"twitter:data1\" content=\"1 minuto\" \/>\n<script type=\"application\/ld+json\" class=\"yoast-schema-graph\">{\"@context\":\"https:\/\/schema.org\",\"@graph\":[{\"@type\":\"WebPage\",\"@id\":\"https:\/\/yellowdeck.com\/es\/localizar-equipo\/\",\"url\":\"https:\/\/yellowdeck.com\/es\/localizar-equipo\/\",\"name\":\"Localizar Equipo - Yellow Deck\",\"isPartOf\":{\"@id\":\"https:\/\/yellowdeck.com\/#website\"},\"datePublished\":\"2014-03-05T20:42:19+00:00\",\"dateModified\":\"2014-10-27T21:33:25+00:00\",\"breadcrumb\":{\"@id\":\"https:\/\/yellowdeck.com\/es\/localizar-equipo\/#breadcrumb\"},\"inLanguage\":\"es\",\"potentialAction\":[{\"@type\":\"ReadAction\",\"target\":[\"https:\/\/yellowdeck.com\/es\/localizar-equipo\/\"]}]},{\"@type\":\"BreadcrumbList\",\"@id\":\"https:\/\/yellowdeck.com\/es\/localizar-equipo\/#breadcrumb\",\"itemListElement\":[{\"@type\":\"ListItem\",\"position\":1,\"name\":\"Home\",\"item\":\"https:\/\/yellowdeck.com\/es\/\"},{\"@type\":\"ListItem\",\"position\":2,\"name\":\"Localizar Equipo\"}]},{\"@type\":\"WebSite\",\"@id\":\"https:\/\/yellowdeck.com\/#website\",\"url\":\"https:\/\/yellowdeck.com\/\",\"name\":\"Yellow Deck\",\"description\":\"Bright Ideas For A Better Business\",\"potentialAction\":[{\"@type\":\"SearchAction\",\"target\":{\"@type\":\"EntryPoint\",\"urlTemplate\":\"https:\/\/yellowdeck.com\/?s={search_term_string}\"},\"query-input\":{\"@type\":\"PropertyValueSpecification\",\"valueRequired\":true,\"valueName\":\"search_term_string\"}}],\"inLanguage\":\"es\"}]}<\/script>\n<!-- \/ Yoast SEO plugin. -->","yoast_head_json":{"title":"Localizar Equipo - Yellow Deck","robots":{"index":"index","follow":"follow","max-snippet":"max-snippet:-1","max-image-preview":"max-image-preview:large","max-video-preview":"max-video-preview:-1"},"canonical":"https:\/\/yellowdeck.com\/es\/localizar-equipo\/","og_locale":"es_ES","og_type":"article","og_title":"Localizar Equipo - Yellow Deck","og_description":"Encuentre el equipo que necesita Localizar el equipo apropiado puede ser dif\u00edcil y le consume el tiempo. Nosotros lo podemos ayudar. Tenemos a\u00f1os de experiencia y contactos por todos los Estados Unidos. Nuestro equipo de compradores tiene acceso a cientos de concesionarios, subastas, y empresas de transporte que venden su equipo. En Yellow Deck no [&hellip;]","og_url":"https:\/\/yellowdeck.com\/es\/localizar-equipo\/","og_site_name":"Yellow Deck","article_modified_time":"2014-10-27T21:33:25+00:00","twitter_misc":{"Tiempo de lectura":"1 minuto"},"schema":{"@context":"https:\/\/schema.org","@graph":[{"@type":"WebPage","@id":"https:\/\/yellowdeck.com\/es\/localizar-equipo\/","url":"https:\/\/yellowdeck.com\/es\/localizar-equipo\/","name":"Localizar Equipo - Yellow Deck","isPartOf":{"@id":"https:\/\/yellowdeck.com\/#website"},"datePublished":"2014-03-05T20:42:19+00:00","dateModified":"2014-10-27T21:33:25+00:00","breadcrumb":{"@id":"https:\/\/yellowdeck.com\/es\/localizar-equipo\/#breadcrumb"},"inLanguage":"es","potentialAction":[{"@type":"ReadAction","target":["https:\/\/yellowdeck.com\/es\/localizar-equipo\/"]}]},{"@type":"BreadcrumbList","@id":"https:\/\/yellowdeck.com\/es\/localizar-equipo\/#breadcrumb","itemListElement":[{"@type":"ListItem","position":1,"name":"Home","item":"https:\/\/yellowdeck.com\/es\/"},{"@type":"ListItem","position":2,"name":"Localizar Equipo"}]},{"@type":"WebSite","@id":"https:\/\/yellowdeck.com\/#website","url":"https:\/\/yellowdeck.com\/","name":"Yellow Deck","description":"Bright Ideas For A Better Business","potentialAction":[{"@type":"SearchAction","target":{"@type":"EntryPoint","urlTemplate":"https:\/\/yellowdeck.com\/?s={search_term_string}"},"query-input":{"@type":"PropertyValueSpecification","valueRequired":true,"valueName":"search_term_string"}}],"inLanguage":"es"}]}},"_links":{"self":[{"href":"https:\/\/yellowdeck.com\/es\/wp-json\/wp\/v2\/pages\/174","targetHints":{"allow":["GET"]}}],"collection":[{"href":"https:\/\/yellowdeck.com\/es\/wp-json\/wp\/v2\/pages"}],"about":[{"href":"https:\/\/yellowdeck.com\/es\/wp-json\/wp\/v2\/types\/page"}],"author":[{"embeddable":true,"href":"https:\/\/yellowdeck.com\/es\/wp-json\/wp\/v2\/users\/2"}],"replies":[{"embeddable":true,"href":"https:\/\/yellowdeck.com\/es\/wp-json\/wp\/v2\/comments?post=174"}],"version-history":[{"count":6,"href":"https:\/\/yellowdeck.com\/es\/wp-json\/wp\/v2\/pages\/174\/revisions"}],"predecessor-version":[{"id":2579,"href":"https:\/\/yellowdeck.com\/es\/wp-json\/wp\/v2\/pages\/174\/revisions\/2579"}],"wp:attachment":[{"href":"https:\/\/yellowdeck.com\/es\/wp-json\/wp\/v2\/media?parent=174"}],"curies":[{"name":"wp","href":"https:\/\/api.w.org\/{rel}","templated":true}]}}