{"id":177,"date":"2014-03-05T15:44:50","date_gmt":"2014-03-05T20:44:50","guid":{"rendered":"http:\/\/yellowdeck.com\/dev\/?page_id=177"},"modified":"2015-01-27T16:38:48","modified_gmt":"2015-01-27T21:38:48","slug":"logistica","status":"publish","type":"page","link":"https:\/\/yellowdeck.com\/es\/logistica\/","title":{"rendered":"Log\u00edstica"},"content":{"rendered":"<h1>El beneficio de nuestra experiencia.<\/h1>\n<p>Comprar el equipo es solo el primer paso. La log\u00edstica a su pa\u00eds requiere experiencia. Yellow Deck le brinda la ayuda necesaria para preparar el equipo para el transporte, mover el equipo al puerto de exportaci\u00f3n, y conseguir el mejor flete posible en el mercado. Le simplificamos el proceso de la log\u00edstica.<\/p>\n<h3>Podemos ayudar a coordinar:<\/h3>\n<ol>\n<li><strong>Preparar equipo para transportar:<\/strong> Esto puede incluir hacer bultos de equipos. Reparaci\u00f3n a la unidad rodante para evitar problemas o multas, llenar furgones o contenedores con otros equipos o carga, y hasta desarmar equipos.<\/li>\n<li><strong>Transporte Terrestre:<\/strong> La mejores compras en equipos no siempre son cerca de un puerto. Aveces hay que coordinar transporte a su puerto de exportaci\u00f3n en EEUU. Con sus a\u00f1os de experiencia y relaciones con transportistas, Yellow Deck le puede mover el equipo a su puerto de exportaci\u00f3n m\u00e1s econ\u00f3mico y r\u00e1pido.<\/li>\n<li><strong>Flete Mar\u00edtimo:<\/strong> Conocemos los mejores puertos de exportaci\u00f3n para fletes a muchos pa\u00edses. Trabajamos con freight forwarder (agentes de navieras) con los mejores precios. Le podemos conseguir los fletes y administrar la documentaci\u00f3n.<\/li>\n<li><strong>Agentes de Navieras (Freight Forwarder):<\/strong> Tenemos buenos contactos con agentes de navieras. Algunos especializados en ciertos pa\u00edses. Con experiencia en la documentaci\u00f3n necesaria para hacer aduana y exportar.<\/li>\n<\/ol>\n<h3>?Necesita piezas r\u00e1pido?<\/h3>\n<p>Nuestro de \u00e9nfasis en exportaci\u00f3n incluye la exportaci\u00f3n de piezas para motores di\u00e9sel, remolques, y tracto camiones.  Podemos enviar su pieza cr\u00edtica por a\u00e9reo a cualquier parte del mundo.  Tambi\u00e9n trabajamos con su embarcador de consolidados de carga en Miami o le brindamos uno que se especialic\u00e9 en su pa\u00eds. Los tr\u00e1mites de importaci\u00f3n en su pa\u00eds no son nuestra responsabilidad.<\/p>\n<p><a class=\"btn\" title=\"Contact\" href=\"\/dev\/?page_id=122\">Comun\u00edquese con nosotros para exportar su compra de equipos de EEUU a su pa\u00eds.<\/a><\/p>\n","protected":false},"excerpt":{"rendered":"<p>El beneficio de nuestra experiencia. Comprar el equipo es solo el primer paso. La log\u00edstica a su pa\u00eds requiere experiencia. Yellow Deck le brinda la ayuda necesaria para preparar el equipo para el transporte, mover el equipo al puerto de exportaci\u00f3n, y conseguir el mejor flete posible en el mercado. Le simplificamos el proceso de [&hellip;]<\/p>\n","protected":false},"author":2,"featured_media":0,"parent":0,"menu_order":0,"comment_status":"closed","ping_status":"closed","template":"","meta":{"footnotes":""},"class_list":["post-177","page","type-page","status-publish","hentry"],"yoast_head":"<!-- This site is optimized with the Yoast SEO plugin v26.9 - https:\/\/yoast.com\/product\/yoast-seo-wordpress\/ -->\n<title>Log\u00edstica - Yellow Deck<\/title>\n<meta name=\"robots\" content=\"index, follow, max-snippet:-1, max-image-preview:large, max-video-preview:-1\" \/>\n<link rel=\"canonical\" href=\"https:\/\/yellowdeck.com\/es\/logistica\/\" \/>\n<meta property=\"og:locale\" content=\"es_ES\" \/>\n<meta property=\"og:type\" content=\"article\" \/>\n<meta property=\"og:title\" content=\"Log\u00edstica - Yellow Deck\" \/>\n<meta property=\"og:description\" content=\"El beneficio de nuestra experiencia. Comprar el equipo es solo el primer paso. La log\u00edstica a su pa\u00eds requiere experiencia. Yellow Deck le brinda la ayuda necesaria para preparar el equipo para el transporte, mover el equipo al puerto de exportaci\u00f3n, y conseguir el mejor flete posible en el mercado. Le simplificamos el proceso de [&hellip;]\" \/>\n<meta property=\"og:url\" content=\"https:\/\/yellowdeck.com\/es\/logistica\/\" \/>\n<meta property=\"og:site_name\" content=\"Yellow Deck\" \/>\n<meta property=\"article:modified_time\" content=\"2015-01-27T21:38:48+00:00\" \/>\n<meta name=\"twitter:label1\" content=\"Tiempo de lectura\" \/>\n\t<meta name=\"twitter:data1\" content=\"2 minutos\" \/>\n<script type=\"application\/ld+json\" class=\"yoast-schema-graph\">{\"@context\":\"https:\/\/schema.org\",\"@graph\":[{\"@type\":\"WebPage\",\"@id\":\"https:\/\/yellowdeck.com\/es\/logistica\/\",\"url\":\"https:\/\/yellowdeck.com\/es\/logistica\/\",\"name\":\"Log\u00edstica - Yellow Deck\",\"isPartOf\":{\"@id\":\"https:\/\/yellowdeck.com\/#website\"},\"datePublished\":\"2014-03-05T20:44:50+00:00\",\"dateModified\":\"2015-01-27T21:38:48+00:00\",\"breadcrumb\":{\"@id\":\"https:\/\/yellowdeck.com\/es\/logistica\/#breadcrumb\"},\"inLanguage\":\"es\",\"potentialAction\":[{\"@type\":\"ReadAction\",\"target\":[\"https:\/\/yellowdeck.com\/es\/logistica\/\"]}]},{\"@type\":\"BreadcrumbList\",\"@id\":\"https:\/\/yellowdeck.com\/es\/logistica\/#breadcrumb\",\"itemListElement\":[{\"@type\":\"ListItem\",\"position\":1,\"name\":\"Home\",\"item\":\"https:\/\/yellowdeck.com\/es\/\"},{\"@type\":\"ListItem\",\"position\":2,\"name\":\"Log\u00edstica\"}]},{\"@type\":\"WebSite\",\"@id\":\"https:\/\/yellowdeck.com\/#website\",\"url\":\"https:\/\/yellowdeck.com\/\",\"name\":\"Yellow Deck\",\"description\":\"Bright Ideas For A Better Business\",\"potentialAction\":[{\"@type\":\"SearchAction\",\"target\":{\"@type\":\"EntryPoint\",\"urlTemplate\":\"https:\/\/yellowdeck.com\/?s={search_term_string}\"},\"query-input\":{\"@type\":\"PropertyValueSpecification\",\"valueRequired\":true,\"valueName\":\"search_term_string\"}}],\"inLanguage\":\"es\"}]}<\/script>\n<!-- \/ Yoast SEO plugin. -->","yoast_head_json":{"title":"Log\u00edstica - Yellow Deck","robots":{"index":"index","follow":"follow","max-snippet":"max-snippet:-1","max-image-preview":"max-image-preview:large","max-video-preview":"max-video-preview:-1"},"canonical":"https:\/\/yellowdeck.com\/es\/logistica\/","og_locale":"es_ES","og_type":"article","og_title":"Log\u00edstica - Yellow Deck","og_description":"El beneficio de nuestra experiencia. Comprar el equipo es solo el primer paso. La log\u00edstica a su pa\u00eds requiere experiencia. Yellow Deck le brinda la ayuda necesaria para preparar el equipo para el transporte, mover el equipo al puerto de exportaci\u00f3n, y conseguir el mejor flete posible en el mercado. Le simplificamos el proceso de [&hellip;]","og_url":"https:\/\/yellowdeck.com\/es\/logistica\/","og_site_name":"Yellow Deck","article_modified_time":"2015-01-27T21:38:48+00:00","twitter_misc":{"Tiempo de lectura":"2 minutos"},"schema":{"@context":"https:\/\/schema.org","@graph":[{"@type":"WebPage","@id":"https:\/\/yellowdeck.com\/es\/logistica\/","url":"https:\/\/yellowdeck.com\/es\/logistica\/","name":"Log\u00edstica - Yellow Deck","isPartOf":{"@id":"https:\/\/yellowdeck.com\/#website"},"datePublished":"2014-03-05T20:44:50+00:00","dateModified":"2015-01-27T21:38:48+00:00","breadcrumb":{"@id":"https:\/\/yellowdeck.com\/es\/logistica\/#breadcrumb"},"inLanguage":"es","potentialAction":[{"@type":"ReadAction","target":["https:\/\/yellowdeck.com\/es\/logistica\/"]}]},{"@type":"BreadcrumbList","@id":"https:\/\/yellowdeck.com\/es\/logistica\/#breadcrumb","itemListElement":[{"@type":"ListItem","position":1,"name":"Home","item":"https:\/\/yellowdeck.com\/es\/"},{"@type":"ListItem","position":2,"name":"Log\u00edstica"}]},{"@type":"WebSite","@id":"https:\/\/yellowdeck.com\/#website","url":"https:\/\/yellowdeck.com\/","name":"Yellow Deck","description":"Bright Ideas For A Better Business","potentialAction":[{"@type":"SearchAction","target":{"@type":"EntryPoint","urlTemplate":"https:\/\/yellowdeck.com\/?s={search_term_string}"},"query-input":{"@type":"PropertyValueSpecification","valueRequired":true,"valueName":"search_term_string"}}],"inLanguage":"es"}]}},"_links":{"self":[{"href":"https:\/\/yellowdeck.com\/es\/wp-json\/wp\/v2\/pages\/177","targetHints":{"allow":["GET"]}}],"collection":[{"href":"https:\/\/yellowdeck.com\/es\/wp-json\/wp\/v2\/pages"}],"about":[{"href":"https:\/\/yellowdeck.com\/es\/wp-json\/wp\/v2\/types\/page"}],"author":[{"embeddable":true,"href":"https:\/\/yellowdeck.com\/es\/wp-json\/wp\/v2\/users\/2"}],"replies":[{"embeddable":true,"href":"https:\/\/yellowdeck.com\/es\/wp-json\/wp\/v2\/comments?post=177"}],"version-history":[{"count":7,"href":"https:\/\/yellowdeck.com\/es\/wp-json\/wp\/v2\/pages\/177\/revisions"}],"predecessor-version":[{"id":2818,"href":"https:\/\/yellowdeck.com\/es\/wp-json\/wp\/v2\/pages\/177\/revisions\/2818"}],"wp:attachment":[{"href":"https:\/\/yellowdeck.com\/es\/wp-json\/wp\/v2\/media?parent=177"}],"curies":[{"name":"wp","href":"https:\/\/api.w.org\/{rel}","templated":true}]}}