{"id":183,"date":"2014-03-05T15:51:48","date_gmt":"2014-03-05T20:51:48","guid":{"rendered":"http:\/\/yellowdeck.com\/dev\/?page_id=183"},"modified":"2015-06-16T12:47:04","modified_gmt":"2015-06-16T16:47:04","slug":"empresa","status":"publish","type":"page","link":"https:\/\/yellowdeck.com\/es\/empresa\/","title":{"rendered":"Empresa"},"content":{"rendered":"<h1>Una Fuente de confianza en EEUU<\/h1>\n<p>Mario Trevilla el fundador de Yellow Deck Services lleva m\u00e1s de 10 a\u00f1os en la venta de equipos para el manejo de carga. Nuestra dedicaci\u00f3n a honestidad, integridad, y servicio nos ha hecho un triunf\u00f3. Nuestra meta es representar su inter\u00e9s cuando necesite comprar equipo. Queremos ser su agente designado en el proceso de comprar equipos o sus piezas. Sea su necesidad un tracto cami\u00f3n o varios, siempre tratamos de darle la atenci\u00f3n.<\/p>\n<h3>\u00a1Nuestra experiencia y relaciones en la industria trabajando para usted!<\/h3>\n<p>En Yellow Deck trabajamos con empresas de arrendamiento (leasing), transporte, y otros concesionarios para localizar y brindarle el mejor equipo para su operaci\u00f3n. Hacemos inspecciones de equipo para hacer una evaluaci\u00f3n de condici\u00f3n actual y establecer el costo apropiado de compra. El concesionario t\u00edpico solo quiere que compre el equipo que ellos tienen a la venta, nosotros le brindamos los mejor en el mercado.<\/p>\n<p>Yellow Deck tambi\u00e9n puede administrar las complicaciones con reparaciones y reacondicionar equipos en EEUU. Teneos experiencia en la log\u00edstica domestica de EEUU para que sus equipos lleguen al puerto de exportaci\u00f3n. Tiene nuestros a\u00f1os de experiencia a su mano. Por ejemplo: \u00bfSab\u00eda usted que mover equipo en EEUU puede costar desde $2.10 la milla para arriba? La decisi\u00f3n en donde compra el equipo y el puerto donde sale para su pa\u00eds puede afectar el costo final de su compra bastante. El flete mar\u00edtimo de algunos puertos puede ser 20-30% menos que de otros.<\/p>\n<h3>Su agente en EEUU<\/h3>\n<p>La misi\u00f3n de Yellow Deck es hacer su buscada de equipos y piezas m\u00e1s simple y brindarle m\u00e1s opciones. Nuestro servicio no termina con la venta del equipo. Le ofrecemos piezas para camiones, remolques, y monta cargas. En casos de emergencia sabemos enviar piezas por flete a\u00e9reo. Yellow Deck tiene clientes, no compradores de solo una venta. El servicio que brindamos le va ahorrar tiempo, dinero, y le simplifica el proceso de comprar equipos y piezas en EEUU.<\/p>\n<p><a class=\"btn\" title=\"Contact\" href=\"\/dev\/?page_id=122\">Contact us to locate the equipment you need<\/a><\/p>\n","protected":false},"excerpt":{"rendered":"<p>Una Fuente de confianza en EEUU Mario Trevilla el fundador de Yellow Deck Services lleva m\u00e1s de 10 a\u00f1os en la venta de equipos para el manejo de carga. Nuestra dedicaci\u00f3n a honestidad, integridad, y servicio nos ha hecho un triunf\u00f3. Nuestra meta es representar su inter\u00e9s cuando necesite comprar equipo. Queremos ser su agente [&hellip;]<\/p>\n","protected":false},"author":2,"featured_media":0,"parent":0,"menu_order":0,"comment_status":"closed","ping_status":"closed","template":"","meta":{"footnotes":""},"class_list":["post-183","page","type-page","status-publish","hentry"],"yoast_head":"<!-- This site is optimized with the Yoast SEO plugin v26.9 - https:\/\/yoast.com\/product\/yoast-seo-wordpress\/ -->\n<title>Empresa - Yellow Deck<\/title>\n<meta name=\"robots\" content=\"index, follow, max-snippet:-1, max-image-preview:large, max-video-preview:-1\" \/>\n<link rel=\"canonical\" href=\"https:\/\/yellowdeck.com\/es\/empresa\/\" \/>\n<meta property=\"og:locale\" content=\"es_ES\" \/>\n<meta property=\"og:type\" content=\"article\" \/>\n<meta property=\"og:title\" content=\"Empresa - Yellow Deck\" \/>\n<meta property=\"og:description\" content=\"Una Fuente de confianza en EEUU Mario Trevilla el fundador de Yellow Deck Services lleva m\u00e1s de 10 a\u00f1os en la venta de equipos para el manejo de carga. Nuestra dedicaci\u00f3n a honestidad, integridad, y servicio nos ha hecho un triunf\u00f3. Nuestra meta es representar su inter\u00e9s cuando necesite comprar equipo. Queremos ser su agente [&hellip;]\" \/>\n<meta property=\"og:url\" content=\"https:\/\/yellowdeck.com\/es\/empresa\/\" \/>\n<meta property=\"og:site_name\" content=\"Yellow Deck\" \/>\n<meta property=\"article:modified_time\" content=\"2015-06-16T16:47:04+00:00\" \/>\n<meta name=\"twitter:label1\" content=\"Tiempo de lectura\" \/>\n\t<meta name=\"twitter:data1\" content=\"2 minutos\" \/>\n<script type=\"application\/ld+json\" class=\"yoast-schema-graph\">{\"@context\":\"https:\/\/schema.org\",\"@graph\":[{\"@type\":\"WebPage\",\"@id\":\"https:\/\/yellowdeck.com\/es\/empresa\/\",\"url\":\"https:\/\/yellowdeck.com\/es\/empresa\/\",\"name\":\"Empresa - Yellow Deck\",\"isPartOf\":{\"@id\":\"https:\/\/yellowdeck.com\/#website\"},\"datePublished\":\"2014-03-05T20:51:48+00:00\",\"dateModified\":\"2015-06-16T16:47:04+00:00\",\"breadcrumb\":{\"@id\":\"https:\/\/yellowdeck.com\/es\/empresa\/#breadcrumb\"},\"inLanguage\":\"es\",\"potentialAction\":[{\"@type\":\"ReadAction\",\"target\":[\"https:\/\/yellowdeck.com\/es\/empresa\/\"]}]},{\"@type\":\"BreadcrumbList\",\"@id\":\"https:\/\/yellowdeck.com\/es\/empresa\/#breadcrumb\",\"itemListElement\":[{\"@type\":\"ListItem\",\"position\":1,\"name\":\"Home\",\"item\":\"https:\/\/yellowdeck.com\/es\/\"},{\"@type\":\"ListItem\",\"position\":2,\"name\":\"Empresa\"}]},{\"@type\":\"WebSite\",\"@id\":\"https:\/\/yellowdeck.com\/#website\",\"url\":\"https:\/\/yellowdeck.com\/\",\"name\":\"Yellow Deck\",\"description\":\"Bright Ideas For A Better Business\",\"potentialAction\":[{\"@type\":\"SearchAction\",\"target\":{\"@type\":\"EntryPoint\",\"urlTemplate\":\"https:\/\/yellowdeck.com\/?s={search_term_string}\"},\"query-input\":{\"@type\":\"PropertyValueSpecification\",\"valueRequired\":true,\"valueName\":\"search_term_string\"}}],\"inLanguage\":\"es\"}]}<\/script>\n<!-- \/ Yoast SEO plugin. -->","yoast_head_json":{"title":"Empresa - Yellow Deck","robots":{"index":"index","follow":"follow","max-snippet":"max-snippet:-1","max-image-preview":"max-image-preview:large","max-video-preview":"max-video-preview:-1"},"canonical":"https:\/\/yellowdeck.com\/es\/empresa\/","og_locale":"es_ES","og_type":"article","og_title":"Empresa - Yellow Deck","og_description":"Una Fuente de confianza en EEUU Mario Trevilla el fundador de Yellow Deck Services lleva m\u00e1s de 10 a\u00f1os en la venta de equipos para el manejo de carga. Nuestra dedicaci\u00f3n a honestidad, integridad, y servicio nos ha hecho un triunf\u00f3. Nuestra meta es representar su inter\u00e9s cuando necesite comprar equipo. Queremos ser su agente [&hellip;]","og_url":"https:\/\/yellowdeck.com\/es\/empresa\/","og_site_name":"Yellow Deck","article_modified_time":"2015-06-16T16:47:04+00:00","twitter_misc":{"Tiempo de lectura":"2 minutos"},"schema":{"@context":"https:\/\/schema.org","@graph":[{"@type":"WebPage","@id":"https:\/\/yellowdeck.com\/es\/empresa\/","url":"https:\/\/yellowdeck.com\/es\/empresa\/","name":"Empresa - Yellow Deck","isPartOf":{"@id":"https:\/\/yellowdeck.com\/#website"},"datePublished":"2014-03-05T20:51:48+00:00","dateModified":"2015-06-16T16:47:04+00:00","breadcrumb":{"@id":"https:\/\/yellowdeck.com\/es\/empresa\/#breadcrumb"},"inLanguage":"es","potentialAction":[{"@type":"ReadAction","target":["https:\/\/yellowdeck.com\/es\/empresa\/"]}]},{"@type":"BreadcrumbList","@id":"https:\/\/yellowdeck.com\/es\/empresa\/#breadcrumb","itemListElement":[{"@type":"ListItem","position":1,"name":"Home","item":"https:\/\/yellowdeck.com\/es\/"},{"@type":"ListItem","position":2,"name":"Empresa"}]},{"@type":"WebSite","@id":"https:\/\/yellowdeck.com\/#website","url":"https:\/\/yellowdeck.com\/","name":"Yellow Deck","description":"Bright Ideas For A Better Business","potentialAction":[{"@type":"SearchAction","target":{"@type":"EntryPoint","urlTemplate":"https:\/\/yellowdeck.com\/?s={search_term_string}"},"query-input":{"@type":"PropertyValueSpecification","valueRequired":true,"valueName":"search_term_string"}}],"inLanguage":"es"}]}},"_links":{"self":[{"href":"https:\/\/yellowdeck.com\/es\/wp-json\/wp\/v2\/pages\/183","targetHints":{"allow":["GET"]}}],"collection":[{"href":"https:\/\/yellowdeck.com\/es\/wp-json\/wp\/v2\/pages"}],"about":[{"href":"https:\/\/yellowdeck.com\/es\/wp-json\/wp\/v2\/types\/page"}],"author":[{"embeddable":true,"href":"https:\/\/yellowdeck.com\/es\/wp-json\/wp\/v2\/users\/2"}],"replies":[{"embeddable":true,"href":"https:\/\/yellowdeck.com\/es\/wp-json\/wp\/v2\/comments?post=183"}],"version-history":[{"count":6,"href":"https:\/\/yellowdeck.com\/es\/wp-json\/wp\/v2\/pages\/183\/revisions"}],"predecessor-version":[{"id":3343,"href":"https:\/\/yellowdeck.com\/es\/wp-json\/wp\/v2\/pages\/183\/revisions\/3343"}],"wp:attachment":[{"href":"https:\/\/yellowdeck.com\/es\/wp-json\/wp\/v2\/media?parent=183"}],"curies":[{"name":"wp","href":"https:\/\/api.w.org\/{rel}","templated":true}]}}