{"id":189,"date":"2014-03-05T15:54:56","date_gmt":"2014-03-05T20:54:56","guid":{"rendered":"http:\/\/yellowdeck.com\/dev\/?page_id=189"},"modified":"2015-01-27T16:14:15","modified_gmt":"2015-01-27T21:14:15","slug":"clientes","status":"publish","type":"page","link":"https:\/\/yellowdeck.com\/es\/clientes\/","title":{"rendered":"Clientes"},"content":{"rendered":"<h1>Porque empresas que son un \u00e9xito conf\u00edan en Yellow Deck<\/h1>\n<p>Yellow Deck le ha estado brindando equipo para el manejo de carga en Latino Americe y el Caribe desde el 2006. Nuestros clientes son l\u00edderes en la industria de transporte, navieras, estibadores, distribuidores, mayoristas, o otros operadores de almac\u00e9n que necesitan buen equipo para el manejo de carga. La filosof\u00eda de Yellow Deck est\u00e1 orientada al servicio. Nos esforzamos a proveer el mejor equipo para las necesidades de nuestros clientes, a un precio justo.<\/p>\n<p>La mayor\u00eda de los concesionarios solo quieren vender el equipo que ellos tienen en inventario. No necesariamente, lo mejor para su operaci\u00f3n. A lo que tenemos nuestro propio inventario de equipo, nuestro objetivo es venderle el mejor equipo para su operaci\u00f3n. Tomamos su presupuesto, la log\u00edstica, meta operacional, y las especificaciones del equipo en cuenta. Por eso alguno de los m\u00e1s grandes operadores en varios mercados cuentan con Yellow Deck para sus equipos para el manejo de carga.<\/p>\n<h3>Que dicen nuestros clientes de Yellow Deck?<\/h3>\n<div class=\"symple-testimonial  \"><div class=\"symple-testimonial-content symple-clearfix\"><p>We found a great truck mounted crane in Illinois. I didn&#8217;t have the time nor the know how to go conduct my own inspection. The Inspector took care of it all. A crane specialist inspected the crane and a rigging company made us new rigging. The Inspector then saved us thousands with the inland transport and ocean freight.<\/p>\n<\/div><div class=\"symple-testimonial-author\">Donald Archer<br \/>\nDiversified Services<br \/>\nFreeport, Grand Bahama, Bahamas<\/div><\/div>\n<div class=\"symple-testimonial  \"><div class=\"symple-testimonial-content symple-clearfix\"><p>I wanted to buy a used Mack Truck in the US. I didn&#8217;t have the time to fly to the US and do the inspection myself. The cost of having the Inspector handle the Inspection was less than airfare, hotel, meals, and time. The Inspector even helped with the Ocean freight.<\/p>\n<\/div><div class=\"symple-testimonial-author\">Hansen Webster<br \/>\nGrand Cayman, Cayman Islands<\/div><\/div>\n<div class=\"symple-testimonial  \"><div class=\"symple-testimonial-content symple-clearfix\"><p>I needed an EATON clutch for one of our trucks.\u00a0 On the island the price was high. Then I called the Miami dealer and got a price of $900. The Inspector was able to provide the clutch for $650, delivered it to air freight company and I had it in 3 days.<\/p>\n<\/div><div class=\"symple-testimonial-author\">Mark Anthony<br \/>\nFleet manager<br \/>\nFreeport Ship Services<br \/>\nFreeport, Grand Bahama, Bahamas<\/div><\/div>\n<a class=\"btn\" title=\"Contact\" href=\"\/dev\/?page_id=122\">Comun\u00edquese con nosotros para encontrar el equipo que necesita<\/a><\/p>\n","protected":false},"excerpt":{"rendered":"<p>Porque empresas que son un \u00e9xito conf\u00edan en Yellow Deck Yellow Deck le ha estado brindando equipo para el manejo de carga en Latino Americe y el Caribe desde el 2006. Nuestros clientes son l\u00edderes en la industria de transporte, navieras, estibadores, distribuidores, mayoristas, o otros operadores de almac\u00e9n que necesitan buen equipo para el [&hellip;]<\/p>\n","protected":false},"author":2,"featured_media":0,"parent":0,"menu_order":0,"comment_status":"closed","ping_status":"closed","template":"","meta":{"footnotes":""},"class_list":["post-189","page","type-page","status-publish","hentry"],"yoast_head":"<!-- This site is optimized with the Yoast SEO plugin v26.9 - https:\/\/yoast.com\/product\/yoast-seo-wordpress\/ -->\n<title>Clientes - Yellow Deck<\/title>\n<meta name=\"robots\" content=\"index, follow, max-snippet:-1, max-image-preview:large, max-video-preview:-1\" \/>\n<link rel=\"canonical\" href=\"https:\/\/yellowdeck.com\/es\/clientes\/\" \/>\n<meta property=\"og:locale\" content=\"es_ES\" \/>\n<meta property=\"og:type\" content=\"article\" \/>\n<meta property=\"og:title\" content=\"Clientes - Yellow Deck\" \/>\n<meta property=\"og:description\" content=\"Porque empresas que son un \u00e9xito conf\u00edan en Yellow Deck Yellow Deck le ha estado brindando equipo para el manejo de carga en Latino Americe y el Caribe desde el 2006. Nuestros clientes son l\u00edderes en la industria de transporte, navieras, estibadores, distribuidores, mayoristas, o otros operadores de almac\u00e9n que necesitan buen equipo para el [&hellip;]\" \/>\n<meta property=\"og:url\" content=\"https:\/\/yellowdeck.com\/es\/clientes\/\" \/>\n<meta property=\"og:site_name\" content=\"Yellow Deck\" \/>\n<meta property=\"article:modified_time\" content=\"2015-01-27T21:14:15+00:00\" \/>\n<meta name=\"twitter:label1\" content=\"Tiempo de lectura\" \/>\n\t<meta name=\"twitter:data1\" content=\"2 minutos\" \/>\n<script type=\"application\/ld+json\" class=\"yoast-schema-graph\">{\"@context\":\"https:\/\/schema.org\",\"@graph\":[{\"@type\":\"WebPage\",\"@id\":\"https:\/\/yellowdeck.com\/es\/clientes\/\",\"url\":\"https:\/\/yellowdeck.com\/es\/clientes\/\",\"name\":\"Clientes - Yellow Deck\",\"isPartOf\":{\"@id\":\"https:\/\/yellowdeck.com\/#website\"},\"datePublished\":\"2014-03-05T20:54:56+00:00\",\"dateModified\":\"2015-01-27T21:14:15+00:00\",\"breadcrumb\":{\"@id\":\"https:\/\/yellowdeck.com\/es\/clientes\/#breadcrumb\"},\"inLanguage\":\"es\",\"potentialAction\":[{\"@type\":\"ReadAction\",\"target\":[\"https:\/\/yellowdeck.com\/es\/clientes\/\"]}]},{\"@type\":\"BreadcrumbList\",\"@id\":\"https:\/\/yellowdeck.com\/es\/clientes\/#breadcrumb\",\"itemListElement\":[{\"@type\":\"ListItem\",\"position\":1,\"name\":\"Home\",\"item\":\"https:\/\/yellowdeck.com\/es\/\"},{\"@type\":\"ListItem\",\"position\":2,\"name\":\"Clientes\"}]},{\"@type\":\"WebSite\",\"@id\":\"https:\/\/yellowdeck.com\/#website\",\"url\":\"https:\/\/yellowdeck.com\/\",\"name\":\"Yellow Deck\",\"description\":\"Bright Ideas For A Better Business\",\"potentialAction\":[{\"@type\":\"SearchAction\",\"target\":{\"@type\":\"EntryPoint\",\"urlTemplate\":\"https:\/\/yellowdeck.com\/?s={search_term_string}\"},\"query-input\":{\"@type\":\"PropertyValueSpecification\",\"valueRequired\":true,\"valueName\":\"search_term_string\"}}],\"inLanguage\":\"es\"}]}<\/script>\n<!-- \/ Yoast SEO plugin. -->","yoast_head_json":{"title":"Clientes - Yellow Deck","robots":{"index":"index","follow":"follow","max-snippet":"max-snippet:-1","max-image-preview":"max-image-preview:large","max-video-preview":"max-video-preview:-1"},"canonical":"https:\/\/yellowdeck.com\/es\/clientes\/","og_locale":"es_ES","og_type":"article","og_title":"Clientes - Yellow Deck","og_description":"Porque empresas que son un \u00e9xito conf\u00edan en Yellow Deck Yellow Deck le ha estado brindando equipo para el manejo de carga en Latino Americe y el Caribe desde el 2006. Nuestros clientes son l\u00edderes en la industria de transporte, navieras, estibadores, distribuidores, mayoristas, o otros operadores de almac\u00e9n que necesitan buen equipo para el [&hellip;]","og_url":"https:\/\/yellowdeck.com\/es\/clientes\/","og_site_name":"Yellow Deck","article_modified_time":"2015-01-27T21:14:15+00:00","twitter_misc":{"Tiempo de lectura":"2 minutos"},"schema":{"@context":"https:\/\/schema.org","@graph":[{"@type":"WebPage","@id":"https:\/\/yellowdeck.com\/es\/clientes\/","url":"https:\/\/yellowdeck.com\/es\/clientes\/","name":"Clientes - Yellow Deck","isPartOf":{"@id":"https:\/\/yellowdeck.com\/#website"},"datePublished":"2014-03-05T20:54:56+00:00","dateModified":"2015-01-27T21:14:15+00:00","breadcrumb":{"@id":"https:\/\/yellowdeck.com\/es\/clientes\/#breadcrumb"},"inLanguage":"es","potentialAction":[{"@type":"ReadAction","target":["https:\/\/yellowdeck.com\/es\/clientes\/"]}]},{"@type":"BreadcrumbList","@id":"https:\/\/yellowdeck.com\/es\/clientes\/#breadcrumb","itemListElement":[{"@type":"ListItem","position":1,"name":"Home","item":"https:\/\/yellowdeck.com\/es\/"},{"@type":"ListItem","position":2,"name":"Clientes"}]},{"@type":"WebSite","@id":"https:\/\/yellowdeck.com\/#website","url":"https:\/\/yellowdeck.com\/","name":"Yellow Deck","description":"Bright Ideas For A Better Business","potentialAction":[{"@type":"SearchAction","target":{"@type":"EntryPoint","urlTemplate":"https:\/\/yellowdeck.com\/?s={search_term_string}"},"query-input":{"@type":"PropertyValueSpecification","valueRequired":true,"valueName":"search_term_string"}}],"inLanguage":"es"}]}},"_links":{"self":[{"href":"https:\/\/yellowdeck.com\/es\/wp-json\/wp\/v2\/pages\/189","targetHints":{"allow":["GET"]}}],"collection":[{"href":"https:\/\/yellowdeck.com\/es\/wp-json\/wp\/v2\/pages"}],"about":[{"href":"https:\/\/yellowdeck.com\/es\/wp-json\/wp\/v2\/types\/page"}],"author":[{"embeddable":true,"href":"https:\/\/yellowdeck.com\/es\/wp-json\/wp\/v2\/users\/2"}],"replies":[{"embeddable":true,"href":"https:\/\/yellowdeck.com\/es\/wp-json\/wp\/v2\/comments?post=189"}],"version-history":[{"count":10,"href":"https:\/\/yellowdeck.com\/es\/wp-json\/wp\/v2\/pages\/189\/revisions"}],"predecessor-version":[{"id":2815,"href":"https:\/\/yellowdeck.com\/es\/wp-json\/wp\/v2\/pages\/189\/revisions\/2815"}],"wp:attachment":[{"href":"https:\/\/yellowdeck.com\/es\/wp-json\/wp\/v2\/media?parent=189"}],"curies":[{"name":"wp","href":"https:\/\/api.w.org\/{rel}","templated":true}]}}