{"id":315,"date":"2014-03-13T15:24:37","date_gmt":"2014-03-13T19:24:37","guid":{"rendered":"http:\/\/yellowdeck.com\/dev\/?page_id=315"},"modified":"2014-10-27T14:33:47","modified_gmt":"2014-10-27T18:33:47","slug":"mulas-portuarias","status":"publish","type":"page","link":"https:\/\/yellowdeck.com\/es\/mulas-portuarias\/","title":{"rendered":"Mulas Portuarias"},"content":{"rendered":"\n<h2>Mula Portuaria (Clase 7-8)<\/h2>\n<h3>Varias mulas portuarias reacondicionadas. <a title=\"Contact\" href=\"\/dev\/?page_id=122\">Solicite el listado<br \/>\n<\/a><\/h3>\n<p><!--more--><\/p>\n<p><a href=\"http:\/\/yellowdeck.com\/wp-content\/uploads\/Yard-truck-1-e1400863790278.jpg\"><img loading=\"lazy\" decoding=\"async\" class=\"alignnone  wp-image-1045\" src=\"http:\/\/yellowdeck.com\/wp-content\/uploads\/Yard-truck-1-1024x576.jpg\" alt=\"Yard truck 1\" width=\"348\" height=\"196\" \/><\/a><a href=\"http:\/\/yellowdeck.com\/wp-content\/uploads\/Yard-truck-3-e1400863861762.jpg\"><img loading=\"lazy\" decoding=\"async\" class=\"alignnone  wp-image-1041\" src=\"http:\/\/yellowdeck.com\/wp-content\/uploads\/Yard-truck-3-576x1024.jpg\" alt=\"Yard truck 3\" width=\"110\" height=\"196\" \/><\/a><a href=\"http:\/\/yellowdeck.com\/wp-content\/uploads\/Yard-truck-2-e1400863889744.jpg\"><img loading=\"lazy\" decoding=\"async\" class=\"alignnone  wp-image-1039\" src=\"http:\/\/yellowdeck.com\/wp-content\/uploads\/Yard-truck-2-576x1024.jpg\" alt=\"Yard truck 2\" width=\"110\" height=\"196\" \/><\/a><\/p>\n<p>En Yellow Deck mulas portuarias es una de nuestras especialidades. Siempre tenemos varias mulas portuarias de cual escoger. T\u00edpicamente vendemos las mulas portuarias reacondicionadas. La mula portuaria es conocida por su quinta rueda hidr\u00e1ulica que puede levantar 70,000lbs\/17\u201d. Con mulas portuarias RORO con un levante de 34\u201d.<\/p>\n<h3>Los fabricantes mas populares de mulas portuarias:<\/h3>\n<ol>\n<li>Capacity of Texas (USA): Most popular models- TJ5000, TJ7000.<\/li>\n<li>Ottawa\/Kalmar (USA): Most popular models- C30, YT50.<\/li>\n<li>TICO Tractors (USA)<\/li>\n<li>AutoCar (USA)<\/li>\n<li>SISU Trucks (Finland)<\/li>\n<li>MAFI (Germany)<\/li>\n<li>Terberg (UK)<\/li>\n<\/ol>\n<p>Nota: Para disponibilidad de piezas y costo recomendamos mulas portuarias fabricadas en Norte America.<\/p>\n<h3>\u00a0Sobre Mulas Portuarias:<\/h3>\n<p>La mula portuaria standard es 4&#215;2. Pero las hay 4&#215;4 y 4&#215;6. Varias combinaciones de transmisi\u00f3n y diferencial existen. En EEUU las mulas portuarias son para uso en una terminal. Las clasificadas \u201cDOT\u201d (Departamento de transporte) son para uso en carretera y tienen una transmisi\u00f3n con m\u00e1s velocidades y otras caracter\u00edsticas de seguridad para uso en calles p\u00fablicas. Lo m\u00e1s com\u00fan es que tengan 1 eje trasero.<\/p>\n<p>Los motores m\u00e1s populares en mulas portuarias son CUMMINS y CAT. El hp (caballos de potencia) es entre 175hp-275hp. . La transmisi\u00f3n m\u00e1s popular en Norte Am\u00e9rica es la Allison MT643 AUTOMATICA. El diferencial trasero tiene un paso de 7:0 -20:0 seg\u00fan la necesidad operacional de la mula. La suspensi\u00f3n com\u00fan es de muelles r\u00edgidos, pero los hay con suspensi\u00f3n de aire. En general las mulas antes del 2007 son m\u00e1s simple, y con menos tecnolog\u00eda.<\/p>\n<p><a href=\"http:\/\/yellowdeck.com\/wp-content\/uploads\/Yard-truck-4-e1400863816328.jpg\"><img loading=\"lazy\" decoding=\"async\" class=\"alignnone  wp-image-1043\" src=\"http:\/\/yellowdeck.com\/wp-content\/uploads\/Yard-truck-4-1024x575.jpg\" alt=\"Yard truck 4\" width=\"351\" height=\"197\" \/><\/a><\/p>\n<h3>Reacondicionar Mulas Portuarias:<\/h3>\n<p>Una mula portuaria usada que ha pasado por la exigencia de la operaci\u00f3n portuaria t\u00edpicamente necesita ciertos art\u00edculos reparados o remplazados. Hay quien vende las mulas portuarias simplemente pintadas, pero nosotros no confiamos en esa estrategia. En Yellow Deck sabemos que nuestros clientes se apoyan en el equipo para su triunf\u00f3 operacional. Por eso nosotros reacondicionamos la mula portuaria. Remplazamos los sistemas que t\u00edpicamente necesitan remplazo antes de vender la mula. Averig\u00fce que tenemos en inventario de mulas portuarias y como lo podemos ayudar.<\/p>\n<p><strong>\u00a0Articulos y sistemas que Yellow Deck repara o remplaza cuando reacondiciona una mula portuaria:<\/strong><\/p>\n<ol>\n<li>Pivote direcci\u00f3n delantera (King pins)<\/li>\n<li>Shackle pin y buje del eje delantero<\/li>\n<li>Eje y bujes de la 5ta Rueda<\/li>\n<li>Cilindros hidr\u00e1ulicos de levante<\/li>\n<li>Servicio completo al motor. Incluyendo metales, filtros, etc.<\/li>\n<li>Frenos, tamboras, y llantas<\/li>\n<li>Servicio a la transmisi\u00f3n y el diferencial.<\/li>\n<li>Chapister\u00eda, pintura, y tapicer\u00eda.<\/li>\n<\/ol>\n<p>Los precios de las mulas portuarias son basados en el a\u00f1o de fabricaci\u00f3n, la marca, modelo, el motor y sus horas de operaci\u00f3n, la transmisi\u00f3n, capacidad, y condici\u00f3n general. Todos quieren el mejor equipo por el mejor precio, pero es bueno establecer un presupuesto para saber que le podemos brindar.<\/p>\n<p>Nuestro inventario cambia constantemente, comun\u00edquese con nosotros para ver que le podemos brindar.<\/p>\n<p><a class=\"btn\" title=\"Contact\" href=\"\/dev\/?page_id=122\">Contact us to locate the terminal tractor you need<\/a><\/p>\n","protected":false},"excerpt":{"rendered":"<p>Mula Portuaria (Clase 7-8) Varias mulas portuarias reacondicionadas. Solicite el listado<\/p>\n","protected":false},"author":2,"featured_media":1046,"parent":0,"menu_order":0,"comment_status":"closed","ping_status":"closed","template":"","meta":{"footnotes":""},"class_list":["post-315","page","type-page","status-publish","has-post-thumbnail","hentry"],"yoast_head":"<!-- This site is optimized with the Yoast SEO plugin v26.9 - https:\/\/yoast.com\/product\/yoast-seo-wordpress\/ -->\n<title>Mulas Portuarias - Yellow Deck<\/title>\n<meta name=\"robots\" content=\"index, follow, max-snippet:-1, max-image-preview:large, max-video-preview:-1\" \/>\n<link rel=\"canonical\" href=\"https:\/\/yellowdeck.com\/es\/mulas-portuarias\/\" \/>\n<meta property=\"og:locale\" content=\"es_ES\" \/>\n<meta property=\"og:type\" content=\"article\" \/>\n<meta property=\"og:title\" content=\"Mulas Portuarias - Yellow Deck\" \/>\n<meta property=\"og:description\" content=\"Mula Portuaria (Clase 7-8) Varias mulas portuarias reacondicionadas. Solicite el listado\" \/>\n<meta property=\"og:url\" content=\"https:\/\/yellowdeck.com\/es\/mulas-portuarias\/\" \/>\n<meta property=\"og:site_name\" content=\"Yellow Deck\" \/>\n<meta property=\"article:modified_time\" content=\"2014-10-27T18:33:47+00:00\" \/>\n<meta property=\"og:image\" content=\"https:\/\/yellowdeck.com\/wp-content\/uploads\/Yard-truck-1-e1400863790278.jpg\" \/>\n\t<meta property=\"og:image:width\" content=\"1024\" \/>\n\t<meta property=\"og:image:height\" content=\"576\" \/>\n\t<meta property=\"og:image:type\" content=\"image\/jpeg\" \/>\n<meta name=\"twitter:label1\" content=\"Tiempo de lectura\" \/>\n\t<meta name=\"twitter:data1\" content=\"3 minutos\" \/>\n<script type=\"application\/ld+json\" class=\"yoast-schema-graph\">{\"@context\":\"https:\/\/schema.org\",\"@graph\":[{\"@type\":\"WebPage\",\"@id\":\"https:\/\/yellowdeck.com\/es\/mulas-portuarias\/\",\"url\":\"https:\/\/yellowdeck.com\/es\/mulas-portuarias\/\",\"name\":\"Mulas Portuarias - Yellow Deck\",\"isPartOf\":{\"@id\":\"https:\/\/yellowdeck.com\/#website\"},\"primaryImageOfPage\":{\"@id\":\"https:\/\/yellowdeck.com\/es\/mulas-portuarias\/#primaryimage\"},\"image\":{\"@id\":\"https:\/\/yellowdeck.com\/es\/mulas-portuarias\/#primaryimage\"},\"thumbnailUrl\":\"https:\/\/yellowdeck.com\/wp-content\/uploads\/Yard-truck-1-e1400863790278.jpg\",\"datePublished\":\"2014-03-13T19:24:37+00:00\",\"dateModified\":\"2014-10-27T18:33:47+00:00\",\"breadcrumb\":{\"@id\":\"https:\/\/yellowdeck.com\/es\/mulas-portuarias\/#breadcrumb\"},\"inLanguage\":\"es\",\"potentialAction\":[{\"@type\":\"ReadAction\",\"target\":[\"https:\/\/yellowdeck.com\/es\/mulas-portuarias\/\"]}]},{\"@type\":\"ImageObject\",\"inLanguage\":\"es\",\"@id\":\"https:\/\/yellowdeck.com\/es\/mulas-portuarias\/#primaryimage\",\"url\":\"https:\/\/yellowdeck.com\/wp-content\/uploads\/Yard-truck-1-e1400863790278.jpg\",\"contentUrl\":\"https:\/\/yellowdeck.com\/wp-content\/uploads\/Yard-truck-1-e1400863790278.jpg\",\"width\":1024,\"height\":576},{\"@type\":\"BreadcrumbList\",\"@id\":\"https:\/\/yellowdeck.com\/es\/mulas-portuarias\/#breadcrumb\",\"itemListElement\":[{\"@type\":\"ListItem\",\"position\":1,\"name\":\"Home\",\"item\":\"https:\/\/yellowdeck.com\/es\/\"},{\"@type\":\"ListItem\",\"position\":2,\"name\":\"Mulas Portuarias\"}]},{\"@type\":\"WebSite\",\"@id\":\"https:\/\/yellowdeck.com\/#website\",\"url\":\"https:\/\/yellowdeck.com\/\",\"name\":\"Yellow Deck\",\"description\":\"Bright Ideas For A Better Business\",\"potentialAction\":[{\"@type\":\"SearchAction\",\"target\":{\"@type\":\"EntryPoint\",\"urlTemplate\":\"https:\/\/yellowdeck.com\/?s={search_term_string}\"},\"query-input\":{\"@type\":\"PropertyValueSpecification\",\"valueRequired\":true,\"valueName\":\"search_term_string\"}}],\"inLanguage\":\"es\"}]}<\/script>\n<!-- \/ Yoast SEO plugin. -->","yoast_head_json":{"title":"Mulas Portuarias - Yellow Deck","robots":{"index":"index","follow":"follow","max-snippet":"max-snippet:-1","max-image-preview":"max-image-preview:large","max-video-preview":"max-video-preview:-1"},"canonical":"https:\/\/yellowdeck.com\/es\/mulas-portuarias\/","og_locale":"es_ES","og_type":"article","og_title":"Mulas Portuarias - Yellow Deck","og_description":"Mula Portuaria (Clase 7-8) Varias mulas portuarias reacondicionadas. Solicite el listado","og_url":"https:\/\/yellowdeck.com\/es\/mulas-portuarias\/","og_site_name":"Yellow Deck","article_modified_time":"2014-10-27T18:33:47+00:00","og_image":[{"width":1024,"height":576,"url":"https:\/\/yellowdeck.com\/wp-content\/uploads\/Yard-truck-1-e1400863790278.jpg","type":"image\/jpeg"}],"twitter_misc":{"Tiempo de lectura":"3 minutos"},"schema":{"@context":"https:\/\/schema.org","@graph":[{"@type":"WebPage","@id":"https:\/\/yellowdeck.com\/es\/mulas-portuarias\/","url":"https:\/\/yellowdeck.com\/es\/mulas-portuarias\/","name":"Mulas Portuarias - Yellow Deck","isPartOf":{"@id":"https:\/\/yellowdeck.com\/#website"},"primaryImageOfPage":{"@id":"https:\/\/yellowdeck.com\/es\/mulas-portuarias\/#primaryimage"},"image":{"@id":"https:\/\/yellowdeck.com\/es\/mulas-portuarias\/#primaryimage"},"thumbnailUrl":"https:\/\/yellowdeck.com\/wp-content\/uploads\/Yard-truck-1-e1400863790278.jpg","datePublished":"2014-03-13T19:24:37+00:00","dateModified":"2014-10-27T18:33:47+00:00","breadcrumb":{"@id":"https:\/\/yellowdeck.com\/es\/mulas-portuarias\/#breadcrumb"},"inLanguage":"es","potentialAction":[{"@type":"ReadAction","target":["https:\/\/yellowdeck.com\/es\/mulas-portuarias\/"]}]},{"@type":"ImageObject","inLanguage":"es","@id":"https:\/\/yellowdeck.com\/es\/mulas-portuarias\/#primaryimage","url":"https:\/\/yellowdeck.com\/wp-content\/uploads\/Yard-truck-1-e1400863790278.jpg","contentUrl":"https:\/\/yellowdeck.com\/wp-content\/uploads\/Yard-truck-1-e1400863790278.jpg","width":1024,"height":576},{"@type":"BreadcrumbList","@id":"https:\/\/yellowdeck.com\/es\/mulas-portuarias\/#breadcrumb","itemListElement":[{"@type":"ListItem","position":1,"name":"Home","item":"https:\/\/yellowdeck.com\/es\/"},{"@type":"ListItem","position":2,"name":"Mulas Portuarias"}]},{"@type":"WebSite","@id":"https:\/\/yellowdeck.com\/#website","url":"https:\/\/yellowdeck.com\/","name":"Yellow Deck","description":"Bright Ideas For A Better Business","potentialAction":[{"@type":"SearchAction","target":{"@type":"EntryPoint","urlTemplate":"https:\/\/yellowdeck.com\/?s={search_term_string}"},"query-input":{"@type":"PropertyValueSpecification","valueRequired":true,"valueName":"search_term_string"}}],"inLanguage":"es"}]}},"_links":{"self":[{"href":"https:\/\/yellowdeck.com\/es\/wp-json\/wp\/v2\/pages\/315","targetHints":{"allow":["GET"]}}],"collection":[{"href":"https:\/\/yellowdeck.com\/es\/wp-json\/wp\/v2\/pages"}],"about":[{"href":"https:\/\/yellowdeck.com\/es\/wp-json\/wp\/v2\/types\/page"}],"author":[{"embeddable":true,"href":"https:\/\/yellowdeck.com\/es\/wp-json\/wp\/v2\/users\/2"}],"replies":[{"embeddable":true,"href":"https:\/\/yellowdeck.com\/es\/wp-json\/wp\/v2\/comments?post=315"}],"version-history":[{"count":3,"href":"https:\/\/yellowdeck.com\/es\/wp-json\/wp\/v2\/pages\/315\/revisions"}],"predecessor-version":[{"id":2549,"href":"https:\/\/yellowdeck.com\/es\/wp-json\/wp\/v2\/pages\/315\/revisions\/2549"}],"wp:featuredmedia":[{"embeddable":true,"href":"https:\/\/yellowdeck.com\/es\/wp-json\/wp\/v2\/media\/1046"}],"wp:attachment":[{"href":"https:\/\/yellowdeck.com\/es\/wp-json\/wp\/v2\/media?parent=315"}],"curies":[{"name":"wp","href":"https:\/\/api.w.org\/{rel}","templated":true}]}}