{"id":317,"date":"2014-03-13T15:25:55","date_gmt":"2014-03-13T19:25:55","guid":{"rendered":"http:\/\/yellowdeck.com\/dev\/?page_id=317"},"modified":"2015-01-27T16:30:36","modified_gmt":"2015-01-27T21:30:36","slug":"chasis-porta-contenedor","status":"publish","type":"page","link":"https:\/\/yellowdeck.com\/es\/chasis-porta-contenedor\/","title":{"rendered":"Chasis Porta Contenedor"},"content":{"rendered":"\n<h2>Doble Ejes, Corredizos | Doble Ejes Fijos | Cuello Ganso | Cuello Ganso 3 ejes | Cuello Ganso estilo intermodal | Cuello Ganso Extensible<\/h2>\n<h3>\u00a0Varios tama\u00f1os y estilos disponibles. <a title=\"Contact\" href=\"\/dev\/?page_id=122\">Solicite el listado<br \/>\n<\/a><\/h3>\n<p><!--more--><\/p>\n\t<style type=\"text\/css\" scoped=\"scoped\">\n\t\t#gallery-1 {\n\t\t\tclear: both;\n\t\t}\n\t\t#gallery-1 .gallery-item-wrapper {\n\t\t\tfloat: left;\n\t\t\tmargin: 0;\n\t\t\tpadding: 0;\n\t\t\twidth: 25%;\n\t\t}\n\t\t#ie6 #gallery-1 .gallery-item-wrapper,\n\t\t#ie7 #gallery-1 .gallery-item-wrapper {\n\t\t\twidth: 25%;\n\t\t}\n\t\t#gallery-1 .gallery-item {\n\t\t\tdisplay: block;\n\t\t\tfloat: none;\n\t\t\tmargin: 5px;\n\t\t\twidth: auto !important;\n\t\t}\n\t\t#ie6 #gallery-1 .gallery-item {\n\t\t\tdisplay: inline;\n\t\t}\n\t\t#gallery-1 .gallery-icon a {\n\t\t\tdisplay: block;\n\t\t\tline-height: 0;\n\t\t}\n\t\t#gallery-1 img {\n\t\t\twidth: 100% !important;\n\t\t\tmax-width: 100% !important;\n\t\t\theight: auto !important;\n\t\t}\n\t\t#gallery-1 .gallery-caption {\n\t\t\toverflow: hidden;\n\t\t}\n\t\t#ie6 #gallery-1 .gallery-caption {\n\t\t\tword-wrap: break-word;\n\t\t}\n\t<\/style>\n<div id='gallery-1' class='gallery galleryid-317 gallery-columns-4 gallery-size-thumbnail clearfix'>\n<div class='gallery-item-wrapper'>\n<dl class='gallery-item'>\n\t\t\t<dt class='gallery-icon'>\n\t\t\t\t<a href='https:\/\/yellowdeck.com\/wp-content\/uploads\/chassis-1.jpg'><img loading=\"lazy\" decoding=\"async\" width=\"150\" height=\"150\" src=\"https:\/\/yellowdeck.com\/wp-content\/uploads\/chassis-1-150x150.jpg\" class=\"attachment-thumbnail size-thumbnail\" alt=\"\" \/><\/a>\n\t\t\t<\/dt><\/dl>\n<\/div>\n<div class='gallery-item-wrapper'>\n<dl class='gallery-item'>\n\t\t\t<dt class='gallery-icon'>\n\t\t\t\t<a href='https:\/\/yellowdeck.com\/wp-content\/uploads\/chassis-8-e1400869896295.jpg'><img loading=\"lazy\" decoding=\"async\" width=\"150\" height=\"150\" src=\"https:\/\/yellowdeck.com\/wp-content\/uploads\/chassis-8-150x150.jpg\" class=\"attachment-thumbnail size-thumbnail\" alt=\"\" \/><\/a>\n\t\t\t<\/dt><\/dl>\n<\/div>\n<div class='gallery-item-wrapper'>\n<dl class='gallery-item'>\n\t\t\t<dt class='gallery-icon'>\n\t\t\t\t<a href='https:\/\/yellowdeck.com\/wp-content\/uploads\/chassis-2.jpg'><img loading=\"lazy\" decoding=\"async\" width=\"150\" height=\"150\" src=\"https:\/\/yellowdeck.com\/wp-content\/uploads\/chassis-2-150x150.jpg\" class=\"attachment-thumbnail size-thumbnail\" alt=\"\" \/><\/a>\n\t\t\t<\/dt><\/dl>\n<\/div>\n<div class='gallery-item-wrapper'>\n<dl class='gallery-item'>\n\t\t\t<dt class='gallery-icon'>\n\t\t\t\t<a href='https:\/\/yellowdeck.com\/wp-content\/uploads\/chassis-3.jpg'><img loading=\"lazy\" decoding=\"async\" width=\"150\" height=\"150\" src=\"https:\/\/yellowdeck.com\/wp-content\/uploads\/chassis-3-150x150.jpg\" class=\"attachment-thumbnail size-thumbnail\" alt=\"\" \/><\/a>\n\t\t\t<\/dt><\/dl>\n<\/div>\n<br style=\"clear: both\" \/><\/div>\n\nLos chasis porta contenedor pueden mover solo 5 tama\u00f1os de contenedor, pero vienen en muchos estilos y combinaciones. El chasis porta contenedor que solo pod\u00eda mover un contenedor de 20\u2019,40\u2019, 45\u2019, 48\u2019, o 53\u2019 ahora tiene la flexibilidad de mover varios tama\u00f1os. Los chasis est\u00e1n disponibles con m\u00faltiple opciones de pi\u00f1as para asegurar los contenedores, varias opciones en ejes, y configuraci\u00f3n. Mientras m\u00e1s flexible el chasis m\u00e1s costoso. Los chasis m\u00e1s econ\u00f3micos son los de contenedor de 20\u2019 o 40\u2019, doble ejes de artiller\u00eda con llantas 1000-20. <\/p>\n<p><a href=\"http:\/\/yellowdeck.com\/wp-content\/uploads\/chassis-2.jpg\"><img loading=\"lazy\" decoding=\"async\" class=\"alignnone  wp-image-1080\" src=\"http:\/\/yellowdeck.com\/wp-content\/uploads\/chassis-2.jpg\" alt=\"chassis 2\" width=\"323\" height=\"182\" srcset=\"https:\/\/yellowdeck.com\/wp-content\/uploads\/chassis-2.jpg 961w, https:\/\/yellowdeck.com\/wp-content\/uploads\/chassis-2-300x168.jpg 300w, https:\/\/yellowdeck.com\/wp-content\/uploads\/chassis-2-150x84.jpg 150w\" sizes=\"auto, (max-width: 323px) 100vw, 323px\" \/><\/a><a href=\"http:\/\/yellowdeck.com\/wp-content\/uploads\/chassis-3.jpg\"><img loading=\"lazy\" decoding=\"async\" class=\"alignnone  wp-image-1082\" src=\"http:\/\/yellowdeck.com\/wp-content\/uploads\/chassis-3.jpg\" alt=\"chassis 3\" width=\"244\" height=\"183\" srcset=\"https:\/\/yellowdeck.com\/wp-content\/uploads\/chassis-3.jpg 653w, https:\/\/yellowdeck.com\/wp-content\/uploads\/chassis-3-300x225.jpg 300w, https:\/\/yellowdeck.com\/wp-content\/uploads\/chassis-3-150x112.jpg 150w\" sizes=\"auto, (max-width: 244px) 100vw, 244px\" \/><\/a><br \/>\n20\u2019 Doble Ejes Corredizos \u00a0 \u00a0 \u00a0 \u00a0 \u00a0 \u00a0 \u00a0 \u00a0 \u00a0 \u00a0 \u00a0 \u00a0 \u00a0 \u00a0 \u00a0 \u00a0 \u00a0 \u00a0 \u00a0 \u00a0 Doble Ejes Fijos<\/p>\n<p><a href=\"http:\/\/yellowdeck.com\/wp-content\/uploads\/chassis-4.jpg\"><img loading=\"lazy\" decoding=\"async\" class=\"alignnone  wp-image-1084\" src=\"http:\/\/yellowdeck.com\/wp-content\/uploads\/chassis-4.jpg\" alt=\"chassis 4\" width=\"284\" height=\"213\" srcset=\"https:\/\/yellowdeck.com\/wp-content\/uploads\/chassis-4.jpg 1024w, https:\/\/yellowdeck.com\/wp-content\/uploads\/chassis-4-300x225.jpg 300w, https:\/\/yellowdeck.com\/wp-content\/uploads\/chassis-4-150x112.jpg 150w\" sizes=\"auto, (max-width: 284px) 100vw, 284px\" \/><\/a><a href=\"http:\/\/yellowdeck.com\/wp-content\/uploads\/chassis-5.jpg\"><img loading=\"lazy\" decoding=\"async\" class=\"alignnone  wp-image-1066\" src=\"http:\/\/yellowdeck.com\/wp-content\/uploads\/chassis-5.jpg\" alt=\"chassis 5\" width=\"283\" height=\"212\" srcset=\"https:\/\/yellowdeck.com\/wp-content\/uploads\/chassis-5.jpg 865w, https:\/\/yellowdeck.com\/wp-content\/uploads\/chassis-5-300x225.jpg 300w, https:\/\/yellowdeck.com\/wp-content\/uploads\/chassis-5-150x112.jpg 150w\" sizes=\"auto, (max-width: 283px) 100vw, 283px\" \/><br \/>\n<\/a>40\u2019 Cuello Ganso, Doble Eje (estilo naviera)  \u00a0 \u00a0  40\u2019 Cuello Ganso 3 ejes (estilo naviera)<\/p>\n<p><a href=\"http:\/\/yellowdeck.com\/wp-content\/uploads\/chassis-6.jpg\"><img loading=\"lazy\" decoding=\"async\" class=\"alignnone  wp-image-1068\" src=\"http:\/\/yellowdeck.com\/wp-content\/uploads\/chassis-6.jpg\" alt=\"chassis 6\" width=\"283\" height=\"159\" srcset=\"https:\/\/yellowdeck.com\/wp-content\/uploads\/chassis-6.jpg 980w, https:\/\/yellowdeck.com\/wp-content\/uploads\/chassis-6-300x168.jpg 300w, https:\/\/yellowdeck.com\/wp-content\/uploads\/chassis-6-150x84.jpg 150w\" sizes=\"auto, (max-width: 283px) 100vw, 283px\" \/><\/a><a href=\"http:\/\/yellowdeck.com\/wp-content\/uploads\/chassis-7.jpg\"><img loading=\"lazy\" decoding=\"async\" class=\"alignnone  wp-image-1070\" src=\"http:\/\/yellowdeck.com\/wp-content\/uploads\/chassis-7.jpg\" alt=\"chassis 7\" width=\"283\" height=\"159\" srcset=\"https:\/\/yellowdeck.com\/wp-content\/uploads\/chassis-7.jpg 653w, https:\/\/yellowdeck.com\/wp-content\/uploads\/chassis-7-300x169.jpg 300w, https:\/\/yellowdeck.com\/wp-content\/uploads\/chassis-7-150x84.jpg 150w\" sizes=\"auto, (max-width: 283px) 100vw, 283px\" \/><\/a><a href=\"http:\/\/yellowdeck.com\/wp-content\/uploads\/chassis-6.jpg\"><br \/>\n<\/a>53\u2019 Cuello Ganso (ferro carril\/intermodal)  \u00a0 \u00a0 40\u2019-45&#8242;-48\u2019 Extensible Cuello Ganso (estilo naviera)\u00a0<\/p>\n<p><a href=\"http:\/\/yellowdeck.com\/wp-content\/uploads\/chassis-8-e1400869896295.jpg\"><img loading=\"lazy\" decoding=\"async\" class=\"alignnone  wp-image-1072\" src=\"http:\/\/yellowdeck.com\/wp-content\/uploads\/chassis-8-1024x768.jpg\" alt=\"OLYMPUS DIGITAL CAMERA\" width=\"278\" height=\"209\" \/><\/a><a href=\"http:\/\/yellowdeck.com\/wp-content\/uploads\/chassis-8-e1400869896295.jpg\"><br \/>\n<\/a>20\u2019-40\u2019 12 pi\u00f1as 3 ejes <\/p>\n<h3>Container chassis specs to consider:<\/h3>\n<p><strong>Tama\u00f1o de Viga:<\/strong> 12\u201d de alto es la viga m\u00e1s com\u00fan. Pero la misma viga de 12\u201d puede tener una densidad de 15lb\/por pie lineal, o 19lb\/ por pie lineal. Algunos chasis viejos de 20\u2019 tienen un viga de 8\u201d con densidad de 19lb\/ por pie lineal.  En EEUU el chasis intermodal que usan para chasis de 48\u2019 y 53\u2019 t\u00edpicamente viene con la viga liviana de 15lb\/ por pie lineal.  Los chasis porta contenedor que usan las l\u00edneas mar\u00edtimas en tama\u00f1os 20\u2019, 40\u2019 y 45\u2019 t\u00edpicamente son de vigas 12\u201d con densidad de 19lb\/ por pie lineal. <\/p>\n<p><strong>Ejes:<\/strong> El chasis porta contenedor m\u00e1s com\u00fan en EEUU es con ejes DAYTON de artiller\u00eda con llanta 1000-20 de tubo. El chasis porta contenedor intermodal t\u00edpicamente viene con ejes 10 HUECOS milim\u00e9tricos (1 tuerca) y llantas 22.5. La gran mayor\u00eda de los chasis en EEUU son de doble ejes. Los hay de 3 ejes, y ejes separados para carga pesada. <\/p>\n<p><strong>Suspensi\u00f3n:<\/strong> La gran mayor\u00eda de los chasis porta contenedor en EEUU son suspensi\u00f3n de muelles (3 hojas) con capacidad GVWR* de 67,200lbs. Los chasis 3 ejes tienen capacidad GVWR de 80,000lbs. El chasis con suspensi\u00f3n de aire existe, pero tienen la misma capacidad. Los 3 ejes y chasis de eje separados son para carga pesada donde la ley nacional de EEUU requiere m\u00e1s ejes o separaci\u00f3n de ejes. El peso de la carga en un chasis est\u00e1 bien distribuido sobre el King pin del cabezal (ejes del cabezal) y los ejes del chasis.<br \/>\n*GVWR: El total del peso de la carga y el remolque, no deben exceder el GVWR.<\/p>\n<p><strong># De pi\u00f1as para contenedor:<\/strong> Las pi\u00f1as son la cerradura para asegurar el contenedor al chasis. El chasis b\u00e1sico tiene 4x pi\u00f1as. La posici\u00f3n es seg\u00fan el tama\u00f1o de contenedor que el chasis fue dise\u00f1ado a mover. Algunos chasis especiales que pueden mover contenedores de varios tama\u00f1os pueden tener 6x, 8x, o 12x pi\u00f1as. La flexibilidad de poder mover m\u00faltiple tama\u00f1os de contenedores es la direcci\u00f3n en cual la industria se encuentra. <\/p>\n<p><strong>Especificaciones de los chasis porta contenedor:<\/strong> Qu\u00e9 tipo de flexibilidad requiere su operaci\u00f3n? Que tama\u00f1o de contenedor maneja mueve m\u00e1s? Necesita un chasis porta contenedor que mueve un tipo de contenedor o dos? Mueve m\u00e1s contenedores de 20\u2019 o de 40\u2019?<\/p>\n<h3>Su presupuesto:<\/h3>\n<p>El presupuesto que tengo para la inversi\u00f3n en compra de chasis porta contenedor debe estar basada en los requerimientos de su operaci\u00f3n.  Cuales tama\u00f1os de contenedor mueve m\u00e1s? Necesita la flexibilidad de un chasis con m\u00faltiple posiciones de pi\u00f1as? Los precios var\u00edan por a\u00f1o de fabricaci\u00f3n, tipo de eje y llanta, condici\u00f3n general, y disponibilidad en el mercado de equipo usado. Un presupuesto real\u00edstico nos ayuda acomodar sus necesidades. <\/p>\n<p>Nuestro inventario cambia constantemente. Por favor de comunicarse con nosotros para ver que le podemos servir. <\/p>\n<p><a class=\"btn\" title=\"Contact\" href=\"\/dev\/?page_id=122\">Comun\u00edquese con nosotros para encontrar el chasis porta contenedor que necesita. <\/a><\/p>\n","protected":false},"excerpt":{"rendered":"<p>Doble Ejes, Corredizos | Doble Ejes Fijos | Cuello Ganso | Cuello Ganso 3 ejes | Cuello Ganso estilo intermodal | Cuello Ganso Extensible \u00a0Varios tama\u00f1os y estilos disponibles. Solicite el listado<\/p>\n","protected":false},"author":2,"featured_media":1079,"parent":0,"menu_order":0,"comment_status":"closed","ping_status":"closed","template":"","meta":{"footnotes":""},"class_list":["post-317","page","type-page","status-publish","has-post-thumbnail","hentry"],"yoast_head":"<!-- This site is optimized with the Yoast SEO plugin v26.9 - https:\/\/yoast.com\/product\/yoast-seo-wordpress\/ -->\n<title>Chasis Porta Contenedor - Yellow Deck<\/title>\n<meta name=\"robots\" content=\"index, follow, max-snippet:-1, max-image-preview:large, max-video-preview:-1\" \/>\n<link rel=\"canonical\" href=\"https:\/\/yellowdeck.com\/es\/chasis-porta-contenedor\/\" \/>\n<meta property=\"og:locale\" content=\"es_ES\" \/>\n<meta property=\"og:type\" content=\"article\" \/>\n<meta property=\"og:title\" content=\"Chasis Porta Contenedor - Yellow Deck\" \/>\n<meta property=\"og:description\" content=\"Doble Ejes, Corredizos | Doble Ejes Fijos | Cuello Ganso | Cuello Ganso 3 ejes | Cuello Ganso estilo intermodal | Cuello Ganso Extensible \u00a0Varios tama\u00f1os y estilos disponibles. Solicite el listado\" \/>\n<meta property=\"og:url\" content=\"https:\/\/yellowdeck.com\/es\/chasis-porta-contenedor\/\" \/>\n<meta property=\"og:site_name\" content=\"Yellow Deck\" \/>\n<meta property=\"article:modified_time\" content=\"2015-01-27T21:30:36+00:00\" \/>\n<meta property=\"og:image\" content=\"https:\/\/yellowdeck.com\/wp-content\/uploads\/chassis-1.jpg\" \/>\n\t<meta property=\"og:image:width\" content=\"1024\" \/>\n\t<meta property=\"og:image:height\" content=\"576\" \/>\n\t<meta property=\"og:image:type\" content=\"image\/jpeg\" \/>\n<meta name=\"twitter:label1\" content=\"Tiempo de lectura\" \/>\n\t<meta name=\"twitter:data1\" content=\"3 minutos\" \/>\n<script type=\"application\/ld+json\" class=\"yoast-schema-graph\">{\"@context\":\"https:\/\/schema.org\",\"@graph\":[{\"@type\":\"WebPage\",\"@id\":\"https:\/\/yellowdeck.com\/es\/chasis-porta-contenedor\/\",\"url\":\"https:\/\/yellowdeck.com\/es\/chasis-porta-contenedor\/\",\"name\":\"Chasis Porta Contenedor - Yellow Deck\",\"isPartOf\":{\"@id\":\"https:\/\/yellowdeck.com\/#website\"},\"primaryImageOfPage\":{\"@id\":\"https:\/\/yellowdeck.com\/es\/chasis-porta-contenedor\/#primaryimage\"},\"image\":{\"@id\":\"https:\/\/yellowdeck.com\/es\/chasis-porta-contenedor\/#primaryimage\"},\"thumbnailUrl\":\"https:\/\/yellowdeck.com\/wp-content\/uploads\/chassis-1.jpg\",\"datePublished\":\"2014-03-13T19:25:55+00:00\",\"dateModified\":\"2015-01-27T21:30:36+00:00\",\"breadcrumb\":{\"@id\":\"https:\/\/yellowdeck.com\/es\/chasis-porta-contenedor\/#breadcrumb\"},\"inLanguage\":\"es\",\"potentialAction\":[{\"@type\":\"ReadAction\",\"target\":[\"https:\/\/yellowdeck.com\/es\/chasis-porta-contenedor\/\"]}]},{\"@type\":\"ImageObject\",\"inLanguage\":\"es\",\"@id\":\"https:\/\/yellowdeck.com\/es\/chasis-porta-contenedor\/#primaryimage\",\"url\":\"https:\/\/yellowdeck.com\/wp-content\/uploads\/chassis-1.jpg\",\"contentUrl\":\"https:\/\/yellowdeck.com\/wp-content\/uploads\/chassis-1.jpg\",\"width\":1024,\"height\":576},{\"@type\":\"BreadcrumbList\",\"@id\":\"https:\/\/yellowdeck.com\/es\/chasis-porta-contenedor\/#breadcrumb\",\"itemListElement\":[{\"@type\":\"ListItem\",\"position\":1,\"name\":\"Home\",\"item\":\"https:\/\/yellowdeck.com\/es\/\"},{\"@type\":\"ListItem\",\"position\":2,\"name\":\"Chasis Porta Contenedor\"}]},{\"@type\":\"WebSite\",\"@id\":\"https:\/\/yellowdeck.com\/#website\",\"url\":\"https:\/\/yellowdeck.com\/\",\"name\":\"Yellow Deck\",\"description\":\"Bright Ideas For A Better Business\",\"potentialAction\":[{\"@type\":\"SearchAction\",\"target\":{\"@type\":\"EntryPoint\",\"urlTemplate\":\"https:\/\/yellowdeck.com\/?s={search_term_string}\"},\"query-input\":{\"@type\":\"PropertyValueSpecification\",\"valueRequired\":true,\"valueName\":\"search_term_string\"}}],\"inLanguage\":\"es\"}]}<\/script>\n<!-- \/ Yoast SEO plugin. -->","yoast_head_json":{"title":"Chasis Porta Contenedor - Yellow Deck","robots":{"index":"index","follow":"follow","max-snippet":"max-snippet:-1","max-image-preview":"max-image-preview:large","max-video-preview":"max-video-preview:-1"},"canonical":"https:\/\/yellowdeck.com\/es\/chasis-porta-contenedor\/","og_locale":"es_ES","og_type":"article","og_title":"Chasis Porta Contenedor - Yellow Deck","og_description":"Doble Ejes, Corredizos | Doble Ejes Fijos | Cuello Ganso | Cuello Ganso 3 ejes | Cuello Ganso estilo intermodal | Cuello Ganso Extensible \u00a0Varios tama\u00f1os y estilos disponibles. Solicite el listado","og_url":"https:\/\/yellowdeck.com\/es\/chasis-porta-contenedor\/","og_site_name":"Yellow Deck","article_modified_time":"2015-01-27T21:30:36+00:00","og_image":[{"width":1024,"height":576,"url":"https:\/\/yellowdeck.com\/wp-content\/uploads\/chassis-1.jpg","type":"image\/jpeg"}],"twitter_misc":{"Tiempo de lectura":"3 minutos"},"schema":{"@context":"https:\/\/schema.org","@graph":[{"@type":"WebPage","@id":"https:\/\/yellowdeck.com\/es\/chasis-porta-contenedor\/","url":"https:\/\/yellowdeck.com\/es\/chasis-porta-contenedor\/","name":"Chasis Porta Contenedor - Yellow Deck","isPartOf":{"@id":"https:\/\/yellowdeck.com\/#website"},"primaryImageOfPage":{"@id":"https:\/\/yellowdeck.com\/es\/chasis-porta-contenedor\/#primaryimage"},"image":{"@id":"https:\/\/yellowdeck.com\/es\/chasis-porta-contenedor\/#primaryimage"},"thumbnailUrl":"https:\/\/yellowdeck.com\/wp-content\/uploads\/chassis-1.jpg","datePublished":"2014-03-13T19:25:55+00:00","dateModified":"2015-01-27T21:30:36+00:00","breadcrumb":{"@id":"https:\/\/yellowdeck.com\/es\/chasis-porta-contenedor\/#breadcrumb"},"inLanguage":"es","potentialAction":[{"@type":"ReadAction","target":["https:\/\/yellowdeck.com\/es\/chasis-porta-contenedor\/"]}]},{"@type":"ImageObject","inLanguage":"es","@id":"https:\/\/yellowdeck.com\/es\/chasis-porta-contenedor\/#primaryimage","url":"https:\/\/yellowdeck.com\/wp-content\/uploads\/chassis-1.jpg","contentUrl":"https:\/\/yellowdeck.com\/wp-content\/uploads\/chassis-1.jpg","width":1024,"height":576},{"@type":"BreadcrumbList","@id":"https:\/\/yellowdeck.com\/es\/chasis-porta-contenedor\/#breadcrumb","itemListElement":[{"@type":"ListItem","position":1,"name":"Home","item":"https:\/\/yellowdeck.com\/es\/"},{"@type":"ListItem","position":2,"name":"Chasis Porta Contenedor"}]},{"@type":"WebSite","@id":"https:\/\/yellowdeck.com\/#website","url":"https:\/\/yellowdeck.com\/","name":"Yellow Deck","description":"Bright Ideas For A Better Business","potentialAction":[{"@type":"SearchAction","target":{"@type":"EntryPoint","urlTemplate":"https:\/\/yellowdeck.com\/?s={search_term_string}"},"query-input":{"@type":"PropertyValueSpecification","valueRequired":true,"valueName":"search_term_string"}}],"inLanguage":"es"}]}},"_links":{"self":[{"href":"https:\/\/yellowdeck.com\/es\/wp-json\/wp\/v2\/pages\/317","targetHints":{"allow":["GET"]}}],"collection":[{"href":"https:\/\/yellowdeck.com\/es\/wp-json\/wp\/v2\/pages"}],"about":[{"href":"https:\/\/yellowdeck.com\/es\/wp-json\/wp\/v2\/types\/page"}],"author":[{"embeddable":true,"href":"https:\/\/yellowdeck.com\/es\/wp-json\/wp\/v2\/users\/2"}],"replies":[{"embeddable":true,"href":"https:\/\/yellowdeck.com\/es\/wp-json\/wp\/v2\/comments?post=317"}],"version-history":[{"count":5,"href":"https:\/\/yellowdeck.com\/es\/wp-json\/wp\/v2\/pages\/317\/revisions"}],"predecessor-version":[{"id":2550,"href":"https:\/\/yellowdeck.com\/es\/wp-json\/wp\/v2\/pages\/317\/revisions\/2550"}],"wp:featuredmedia":[{"embeddable":true,"href":"https:\/\/yellowdeck.com\/es\/wp-json\/wp\/v2\/media\/1079"}],"wp:attachment":[{"href":"https:\/\/yellowdeck.com\/es\/wp-json\/wp\/v2\/media?parent=317"}],"curies":[{"name":"wp","href":"https:\/\/api.w.org\/{rel}","templated":true}]}}